{"id":122,"date":"2022-09-21T17:23:43","date_gmt":"2022-09-21T17:23:43","guid":{"rendered":"https:\/\/www.miroglumuhendislik.com.tr\/?page_id=122"},"modified":"2022-10-10T14:45:06","modified_gmt":"2022-10-10T14:45:06","slug":"kurumsal","status":"publish","type":"page","link":"https:\/\/www.miroglumuhendislik.com.tr\/index.php\/kurumsal\/","title":{"rendered":"KURUMSAL"},"content":{"rendered":"\t\t<div data-elementor-type=\"wp-page\" data-elementor-id=\"122\" class=\"elementor elementor-122\">\n\t\t\t\t\t\t<section class=\"elementor-section elementor-top-section elementor-element elementor-element-1d4d2a5 elementor-section-boxed elementor-section-height-default elementor-section-height-default\" data-id=\"1d4d2a5\" data-element_type=\"section\">\n\t\t\t\t\t\t<div class=\"elementor-container elementor-column-gap-default\">\n\t\t\t\t\t<div class=\"elementor-column elementor-col-100 elementor-top-column elementor-element elementor-element-b6efd9a\" data-id=\"b6efd9a\" data-element_type=\"column\">\n\t\t\t<div class=\"elementor-widget-wrap elementor-element-populated\">\n\t\t\t\t\t\t<div class=\"elementor-element elementor-element-95b7b4d elementor-widget elementor-widget-heading\" data-id=\"95b7b4d\" data-element_type=\"widget\" data-widget_type=\"heading.default\">\n\t\t\t\t<div class=\"elementor-widget-container\">\n\t\t\t<style>\/*! elementor - v3.19.0 - 28-02-2024 *\/\n.elementor-heading-title{padding:0;margin:0;line-height:1}.elementor-widget-heading .elementor-heading-title[class*=elementor-size-]>a{color:inherit;font-size:inherit;line-height:inherit}.elementor-widget-heading .elementor-heading-title.elementor-size-small{font-size:15px}.elementor-widget-heading .elementor-heading-title.elementor-size-medium{font-size:19px}.elementor-widget-heading .elementor-heading-title.elementor-size-large{font-size:29px}.elementor-widget-heading .elementor-heading-title.elementor-size-xl{font-size:39px}.elementor-widget-heading .elementor-heading-title.elementor-size-xxl{font-size:59px}<\/style><h2 class=\"elementor-heading-title elementor-size-default\">V\u0130ZYONUMUZ VE M\u0130SYONUMUZ<\/h2>\t\t<\/div>\n\t\t\t\t<\/div>\n\t\t\t\t\t<\/div>\n\t\t<\/div>\n\t\t\t\t\t<\/div>\n\t\t<\/section>\n\t\t\t\t<section class=\"elementor-section elementor-top-section elementor-element elementor-element-2548a67 elementor-section-boxed elementor-section-height-default elementor-section-height-default\" data-id=\"2548a67\" data-element_type=\"section\">\n\t\t\t\t\t\t<div class=\"elementor-container elementor-column-gap-default\">\n\t\t\t\t\t<div class=\"elementor-column elementor-col-100 elementor-top-column elementor-element elementor-element-09c9371\" data-id=\"09c9371\" data-element_type=\"column\">\n\t\t\t<div class=\"elementor-widget-wrap elementor-element-populated\">\n\t\t\t\t\t\t<div class=\"elementor-element elementor-element-35b7d55 elementor-widget elementor-widget-text-editor\" data-id=\"35b7d55\" data-element_type=\"widget\" data-widget_type=\"text-editor.default\">\n\t\t\t\t<div class=\"elementor-widget-container\">\n\t\t\t<style>\/*! elementor - v3.19.0 - 28-02-2024 *\/\n.elementor-widget-text-editor.elementor-drop-cap-view-stacked .elementor-drop-cap{background-color:#69727d;color:#fff}.elementor-widget-text-editor.elementor-drop-cap-view-framed .elementor-drop-cap{color:#69727d;border:3px solid;background-color:transparent}.elementor-widget-text-editor:not(.elementor-drop-cap-view-default) .elementor-drop-cap{margin-top:8px}.elementor-widget-text-editor:not(.elementor-drop-cap-view-default) .elementor-drop-cap-letter{width:1em;height:1em}.elementor-widget-text-editor .elementor-drop-cap{float:left;text-align:center;line-height:1;font-size:50px}.elementor-widget-text-editor .elementor-drop-cap-letter{display:inline-block}<\/style>\t\t\t\t<p>Miro\u011flu&#8217;nun Vizyonu;<\/p><p>S\u00fcrd\u00fcr\u00fclebilir bir d\u00fcnya i\u00e7in hizmet yapt\u0131\u011f\u0131m\u0131z her noktada \u00e7evresel, sosyal ve ekonomik olarak s\u00fcrekli iyile\u015ftirme sa\u011flamakt\u0131r.Topluma faydal\u0131 olup daha iyi yar\u0131nlar \u00fcretmektir.<\/p><p>Miro\u011flu&#8217;nun Misyonu;<\/p><p>Uzun vadede var olman\u0131n as\u0131l mihenk ta\u015f\u0131 olan kaliteyi hi\u00e7bir zaman elden b\u0131rakmadan, faaliyet g\u00f6sterdi\u011fimiz her yerde ekonominin geli\u015fmesine katk\u0131da bulunmakt\u0131r.<\/p>\t\t\t\t\t\t<\/div>\n\t\t\t\t<\/div>\n\t\t\t\t\t<\/div>\n\t\t<\/div>\n\t\t\t\t\t<\/div>\n\t\t<\/section>\n\t\t\t\t<\/div>\n\t\t","protected":false},"excerpt":{"rendered":"<p>V\u0130ZYONUMUZ VE M\u0130SYONUMUZ Miro\u011flu&#8217;nun Vizyonu; S\u00fcrd\u00fcr\u00fclebilir bir d\u00fcnya i\u00e7in hizmet yapt\u0131\u011f\u0131m\u0131z her noktada \u00e7evresel, sosyal ve ekonomik olarak s\u00fcrekli iyile\u015ftirme sa\u011flamakt\u0131r.Topluma faydal\u0131 olup daha iyi yar\u0131nlar \u00fcretmektir. Miro\u011flu&#8217;nun Misyonu; Uzun vadede var olman\u0131n as\u0131l mihenk ta\u015f\u0131 olan kaliteyi hi\u00e7bir zaman elden b\u0131rakmadan, faaliyet g\u00f6sterdi\u011fimiz her yerde ekonominin geli\u015fmesine katk\u0131da bulunmakt\u0131r.<\/p>\n","protected":false},"author":1,"featured_media":0,"parent":0,"menu_order":0,"comment_status":"closed","ping_status":"closed","template":"elementor_header_footer","meta":{"footnotes":""},"_links":{"self":[{"href":"https:\/\/www.miroglumuhendislik.com.tr\/index.php\/wp-json\/wp\/v2\/pages\/122"}],"collection":[{"href":"https:\/\/www.miroglumuhendislik.com.tr\/index.php\/wp-json\/wp\/v2\/pages"}],"about":[{"href":"https:\/\/www.miroglumuhendislik.com.tr\/index.php\/wp-json\/wp\/v2\/types\/page"}],"author":[{"embeddable":true,"href":"https:\/\/www.miroglumuhendislik.com.tr\/index.php\/wp-json\/wp\/v2\/users\/1"}],"replies":[{"embeddable":true,"href":"https:\/\/www.miroglumuhendislik.com.tr\/index.php\/wp-json\/wp\/v2\/comments?post=122"}],"version-history":[{"count":13,"href":"https:\/\/www.miroglumuhendislik.com.tr\/index.php\/wp-json\/wp\/v2\/pages\/122\/revisions"}],"predecessor-version":[{"id":769,"href":"https:\/\/www.miroglumuhendislik.com.tr\/index.php\/wp-json\/wp\/v2\/pages\/122\/revisions\/769"}],"wp:attachment":[{"href":"https:\/\/www.miroglumuhendislik.com.tr\/index.php\/wp-json\/wp\/v2\/media?parent=122"}],"curies":[{"name":"wp","href":"https:\/\/api.w.org\/{rel}","templated":true}]}}