{"id":192,"date":"2022-10-02T10:40:42","date_gmt":"2022-10-02T10:40:42","guid":{"rendered":"https:\/\/www.miroglumuhendislik.com.tr\/?page_id=192"},"modified":"2024-03-06T19:08:55","modified_gmt":"2024-03-06T19:08:55","slug":"iletisim","status":"publish","type":"page","link":"https:\/\/www.miroglumuhendislik.com.tr\/index.php\/iletisim\/","title":{"rendered":"M. Nurullah ATAY"},"content":{"rendered":"\t\t<div data-elementor-type=\"wp-page\" data-elementor-id=\"192\" class=\"elementor elementor-192\">\n\t\t\t\t\t\t<section class=\"elementor-section elementor-top-section elementor-element elementor-element-66f54ad elementor-section-boxed elementor-section-height-default elementor-section-height-default\" data-id=\"66f54ad\" data-element_type=\"section\">\n\t\t\t\t\t\t<div class=\"elementor-container elementor-column-gap-default\">\n\t\t\t\t\t<div class=\"elementor-column elementor-col-100 elementor-top-column elementor-element elementor-element-c959566\" data-id=\"c959566\" data-element_type=\"column\">\n\t\t\t<div class=\"elementor-widget-wrap elementor-element-populated\">\n\t\t\t\t\t\t<div class=\"elementor-element elementor-element-158647d elementor-widget elementor-widget-text-editor\" data-id=\"158647d\" data-element_type=\"widget\" data-widget_type=\"text-editor.default\">\n\t\t\t\t<div class=\"elementor-widget-container\">\n\t\t\t<style>\/*! elementor - v3.19.0 - 28-02-2024 *\/\n.elementor-widget-text-editor.elementor-drop-cap-view-stacked .elementor-drop-cap{background-color:#69727d;color:#fff}.elementor-widget-text-editor.elementor-drop-cap-view-framed .elementor-drop-cap{color:#69727d;border:3px solid;background-color:transparent}.elementor-widget-text-editor:not(.elementor-drop-cap-view-default) .elementor-drop-cap{margin-top:8px}.elementor-widget-text-editor:not(.elementor-drop-cap-view-default) .elementor-drop-cap-letter{width:1em;height:1em}.elementor-widget-text-editor .elementor-drop-cap{float:left;text-align:center;line-height:1;font-size:50px}.elementor-widget-text-editor .elementor-drop-cap-letter{display:inline-block}<\/style>\t\t\t\t<p><strong><span style=\"color: #000000;\">| \u0130n\u015faat Y\u00fcksek M\u00fchendisi \/ Civil Engineer M.Sc<\/span><\/strong><br \/><strong><span style=\"color: #000000;\">| Makine M\u00fchendisi \/ Mechanical Engineer <\/span><\/strong><br \/><strong><span style=\"color: #000000;\">| \u0130\u015fletme \/ Business Administration<\/span><\/strong><\/p>\t\t\t\t\t\t<\/div>\n\t\t\t\t<\/div>\n\t\t\t\t\t<\/div>\n\t\t<\/div>\n\t\t\t\t\t<\/div>\n\t\t<\/section>\n\t\t\t\t<section class=\"elementor-section elementor-top-section elementor-element elementor-element-81cdc10 elementor-section-full_width elementor-section-height-default elementor-section-height-default\" data-id=\"81cdc10\" data-element_type=\"section\" data-settings=\"{&quot;background_background&quot;:&quot;classic&quot;,&quot;animation&quot;:&quot;none&quot;}\">\n\t\t\t\t\t\t\t<div class=\"elementor-background-overlay\"><\/div>\n\t\t\t\t\t\t\t<div class=\"elementor-container elementor-column-gap-extended\">\n\t\t\t\t\t<div class=\"elementor-column elementor-col-100 elementor-top-column elementor-element elementor-element-8258802\" data-id=\"8258802\" data-element_type=\"column\">\n\t\t\t<div class=\"elementor-widget-wrap elementor-element-populated\">\n\t\t\t\t\t\t<div class=\"elementor-element elementor-element-6abe202 elementor-widget elementor-widget-text-editor\" data-id=\"6abe202\" data-element_type=\"widget\" data-widget_type=\"text-editor.default\">\n\t\t\t\t<div class=\"elementor-widget-container\">\n\t\t\t\t\t\t\t<h2 style=\"text-align: center;\">\u00a0 <a href=\"mailto:nurullahatay@miroglumuhendislik.com.tr\"><em>nurullahatay@miroglumuhendislik.com.tr<\/em><\/a>\u00a0<\/h2><h2 class=\"elementor-heading-title elementor-size-default\"><a href=\"mailto:info@miroglumuhendislik.com.tr\">info@miroglumuhendislik.com.tr<\/a><\/h2>\t\t\t\t\t\t<\/div>\n\t\t\t\t<\/div>\n\t\t\t\t\t<\/div>\n\t\t<\/div>\n\t\t\t\t\t<\/div>\n\t\t<\/section>\n\t\t\t\t<section class=\"elementor-section elementor-top-section elementor-element elementor-element-aa29851 elementor-section-boxed elementor-section-height-default elementor-section-height-default\" data-id=\"aa29851\" data-element_type=\"section\">\n\t\t\t\t\t\t<div class=\"elementor-container elementor-column-gap-default\">\n\t\t\t\t\t<div class=\"elementor-column elementor-col-100 elementor-top-column elementor-element elementor-element-ee8c2b0\" data-id=\"ee8c2b0\" data-element_type=\"column\">\n\t\t\t<div class=\"elementor-widget-wrap elementor-element-populated\">\n\t\t\t\t\t\t<div class=\"elementor-element elementor-element-9423e1d elementor-widget elementor-widget-google_maps\" data-id=\"9423e1d\" data-element_type=\"widget\" data-widget_type=\"google_maps.default\">\n\t\t\t\t<div class=\"elementor-widget-container\">\n\t\t\t<style>\/*! elementor - v3.19.0 - 28-02-2024 *\/\n.elementor-widget-google_maps .elementor-widget-container{overflow:hidden}.elementor-widget-google_maps .elementor-custom-embed{line-height:0}.elementor-widget-google_maps iframe{height:300px}<\/style>\t\t<div class=\"elementor-custom-embed\">\n\t\t\t<iframe loading=\"lazy\"\n\t\t\t\t\tsrc=\"https:\/\/maps.google.com\/maps?q=Sanayi%20Sitesi%2060101%20cadde%20no%2018%20%C5%9Eehitkamil%2FGaziantep&#038;t=m&#038;z=12&#038;output=embed&#038;iwloc=near\"\n\t\t\t\t\ttitle=\"Sanayi Sitesi 60101 cadde no 18 \u015eehitkamil\/Gaziantep\"\n\t\t\t\t\taria-label=\"Sanayi Sitesi 60101 cadde no 18 \u015eehitkamil\/Gaziantep\"\n\t\t\t><\/iframe>\n\t\t<\/div>\n\t\t\t\t<\/div>\n\t\t\t\t<\/div>\n\t\t\t\t\t<\/div>\n\t\t<\/div>\n\t\t\t\t\t<\/div>\n\t\t<\/section>\n\t\t\t\t<section class=\"elementor-section elementor-top-section elementor-element elementor-element-e621644 elementor-section-boxed elementor-section-height-default elementor-section-height-default\" data-id=\"e621644\" data-element_type=\"section\">\n\t\t\t\t\t\t<div class=\"elementor-container elementor-column-gap-default\">\n\t\t\t\t\t<div class=\"elementor-column elementor-col-100 elementor-top-column elementor-element elementor-element-6ea5cd8\" data-id=\"6ea5cd8\" data-element_type=\"column\">\n\t\t\t<div class=\"elementor-widget-wrap elementor-element-populated\">\n\t\t\t\t\t\t<div class=\"elementor-element elementor-element-57af3da elementor-widget elementor-widget-sina_contact_form\" data-id=\"57af3da\" data-element_type=\"widget\" data-widget_type=\"sina_contact_form.default\">\n\t\t\t\t<div class=\"elementor-widget-container\">\n\t\t\t\t\t<div class=\"sina-form\">\r\n\t\t\t<form class=\"sina-contact-form\"\r\n\t\t\tdata-uid=\"57af3da\"\r\n\t\t\tdata-from=\"info@miroglumuhendislik.com.tr\"\r\n\t\t\tdata-inbox=\"\"\r\n\t\t\tdata-captcha=\"\">\r\n\t\t\t\t<div class=\"sina-contact-input\">\r\n\t<div class=\"sina-contact-input-half\">\r\n\t\t<input class=\"sina-input-field sina-input-block sina-input-name\" type=\"text\" placeholder=\"Ad\u0131n\u0131z\" >\r\n\t\t<input class=\"sina-input-field sina-input-block sina-input-email\" type=\"email\" placeholder=\"Mail Adresiniz\" >\r\n\t\t<input class=\"sina-input-field sina-input-block sina-input-subject\" type=\"text\" placeholder=\"Konu Ba\u015fl\u0131\u011f\u0131\" >\r\n\t<\/div>\r\n\t<div class=\"sina-contact-input-half\">\r\n\t\t<textarea class=\"sina-input-field sina-input-block sina-input-message\" placeholder=\"Mesaj\u0131\u0131z\"><\/textarea>\r\n\t<\/div>\r\n<\/div>\r\n<div class=\"sina-contact-input\">\r\n\t<!-- For Google Recaptcha -->\r\n\t\r\n\t<button type=\"submit\" class=\"sina-button sina-contact-btn  \">\r\n\t\t\t\tG\u00f6nder\t\t\t<\/button>\r\n<\/div>\r\n\t\t\t\t<p class=\"sina-success-text\">Te\u015fekk\u00fcr Ederiz. Mesaj\u0131n\u0131z al\u0131nd\u0131<\/p>\t\t\t\t<p class=\"sina-error-text\"><\/p>\r\n\t\t\t\t<p class=\"sina-process-text\">Processing...<\/p>\r\n\r\n\t\t\t\t<input type=\"hidden\" id=\"sina_contact_nonce57af3da\" name=\"sina_contact_nonce57af3da\" value=\"c5da8c58b9\" \/><input type=\"hidden\" name=\"_wp_http_referer\" value=\"\/index.php\/wp-json\/wp\/v2\/pages\/192\" \/>\t\t\t<\/form><!-- .sina-contact-form -->\r\n\t\t<\/div><!-- .sina-form -->\r\n\t\t\t\t<\/div>\n\t\t\t\t<\/div>\n\t\t\t\t\t<\/div>\n\t\t<\/div>\n\t\t\t\t\t<\/div>\n\t\t<\/section>\n\t\t\t\t<\/div>\n\t\t","protected":false},"excerpt":{"rendered":"<p>| \u0130n\u015faat Y\u00fcksek M\u00fchendisi \/ Civil Engineer M.Sc| Makine M\u00fchendisi \/ Mechanical Engineer | \u0130\u015fletme \/ Business Administration \u00a0 nurullahatay@miroglumuhendislik.com.tr\u00a0 info@miroglumuhendislik.com.tr G\u00f6nder Te\u015fekk\u00fcr Ederiz. Mesaj\u0131n\u0131z al\u0131nd\u0131 Processing&#8230;<\/p>\n","protected":false},"author":1,"featured_media":0,"parent":0,"menu_order":0,"comment_status":"closed","ping_status":"closed","template":"","meta":{"footnotes":""},"_links":{"self":[{"href":"https:\/\/www.miroglumuhendislik.com.tr\/index.php\/wp-json\/wp\/v2\/pages\/192"}],"collection":[{"href":"https:\/\/www.miroglumuhendislik.com.tr\/index.php\/wp-json\/wp\/v2\/pages"}],"about":[{"href":"https:\/\/www.miroglumuhendislik.com.tr\/index.php\/wp-json\/wp\/v2\/types\/page"}],"author":[{"embeddable":true,"href":"https:\/\/www.miroglumuhendislik.com.tr\/index.php\/wp-json\/wp\/v2\/users\/1"}],"replies":[{"embeddable":true,"href":"https:\/\/www.miroglumuhendislik.com.tr\/index.php\/wp-json\/wp\/v2\/comments?post=192"}],"version-history":[{"count":41,"href":"https:\/\/www.miroglumuhendislik.com.tr\/index.php\/wp-json\/wp\/v2\/pages\/192\/revisions"}],"predecessor-version":[{"id":1298,"href":"https:\/\/www.miroglumuhendislik.com.tr\/index.php\/wp-json\/wp\/v2\/pages\/192\/revisions\/1298"}],"wp:attachment":[{"href":"https:\/\/www.miroglumuhendislik.com.tr\/index.php\/wp-json\/wp\/v2\/media?parent=192"}],"curies":[{"name":"wp","href":"https:\/\/api.w.org\/{rel}","templated":true}]}}