{"id":523,"date":"2022-10-06T19:15:15","date_gmt":"2022-10-06T19:15:15","guid":{"rendered":"https:\/\/www.miroglumuhendislik.com.tr\/?page_id=523"},"modified":"2022-10-06T19:23:26","modified_gmt":"2022-10-06T19:23:26","slug":"sahinbey","status":"publish","type":"page","link":"https:\/\/www.miroglumuhendislik.com.tr\/index.php\/sahinbey\/","title":{"rendered":"\u015eAH\u0130NBEY YAYA \u00dcST GE\u00c7\u0130T- GAZIANTEP"},"content":{"rendered":"\t\t<div data-elementor-type=\"wp-page\" data-elementor-id=\"523\" class=\"elementor elementor-523\">\n\t\t\t\t\t\t<section class=\"elementor-section elementor-top-section elementor-element elementor-element-8d9d6cb elementor-section-boxed elementor-section-height-default elementor-section-height-default\" data-id=\"8d9d6cb\" data-element_type=\"section\">\n\t\t\t\t\t\t<div class=\"elementor-container elementor-column-gap-default\">\n\t\t\t\t\t<div class=\"elementor-column elementor-col-100 elementor-top-column elementor-element elementor-element-100a11e\" data-id=\"100a11e\" data-element_type=\"column\">\n\t\t\t<div class=\"elementor-widget-wrap elementor-element-populated\">\n\t\t\t\t\t\t<div class=\"elementor-element elementor-element-965f90c elementor-widget elementor-widget-image\" data-id=\"965f90c\" data-element_type=\"widget\" data-widget_type=\"image.default\">\n\t\t\t\t<div class=\"elementor-widget-container\">\n\t\t\t<style>\/*! elementor - v3.19.0 - 28-02-2024 *\/\n.elementor-widget-image{text-align:center}.elementor-widget-image a{display:inline-block}.elementor-widget-image a img[src$=\".svg\"]{width:48px}.elementor-widget-image img{vertical-align:middle;display:inline-block}<\/style>\t\t\t\t\t\t\t\t\t\t<img fetchpriority=\"high\" decoding=\"async\" width=\"768\" height=\"238\" src=\"https:\/\/www.miroglumuhendislik.com.tr\/wp-content\/uploads\/2022\/10\/FMbGH3lXwBwIOoO-e1665251773913-768x238.jpg\" class=\"attachment-medium_large size-medium_large wp-image-532\" alt=\"\" srcset=\"https:\/\/www.miroglumuhendislik.com.tr\/wp-content\/uploads\/2022\/10\/FMbGH3lXwBwIOoO-e1665251773913-768x238.jpg 768w, https:\/\/www.miroglumuhendislik.com.tr\/wp-content\/uploads\/2022\/10\/FMbGH3lXwBwIOoO-e1665251773913-300x93.jpg 300w, https:\/\/www.miroglumuhendislik.com.tr\/wp-content\/uploads\/2022\/10\/FMbGH3lXwBwIOoO-e1665251773913.jpg 1017w\" sizes=\"(max-width: 768px) 100vw, 768px\" \/>\t\t\t\t\t\t\t\t\t\t\t\t\t<\/div>\n\t\t\t\t<\/div>\n\t\t\t\t\t<\/div>\n\t\t<\/div>\n\t\t\t\t\t<\/div>\n\t\t<\/section>\n\t\t\t\t<section class=\"elementor-section elementor-top-section elementor-element elementor-element-bf4b1a1 elementor-section-boxed elementor-section-height-default elementor-section-height-default\" data-id=\"bf4b1a1\" data-element_type=\"section\">\n\t\t\t\t\t\t<div class=\"elementor-container elementor-column-gap-default\">\n\t\t\t\t\t<div class=\"elementor-column elementor-col-100 elementor-top-column elementor-element elementor-element-cdd7f51\" data-id=\"cdd7f51\" data-element_type=\"column\">\n\t\t\t<div class=\"elementor-widget-wrap elementor-element-populated\">\n\t\t\t\t\t\t<div class=\"elementor-element elementor-element-f6c69b2 elementor-widget elementor-widget-image\" data-id=\"f6c69b2\" data-element_type=\"widget\" data-widget_type=\"image.default\">\n\t\t\t\t<div class=\"elementor-widget-container\">\n\t\t\t\t\t\t\t\t\t\t\t\t\t<img decoding=\"async\" width=\"768\" height=\"512\" src=\"https:\/\/www.miroglumuhendislik.com.tr\/wp-content\/uploads\/2022\/10\/sahinbey-belediyesinden-yesilvadiye-ust-gecit-1640182532033-768x512.jpg\" class=\"attachment-medium_large size-medium_large wp-image-533\" alt=\"\" srcset=\"https:\/\/www.miroglumuhendislik.com.tr\/wp-content\/uploads\/2022\/10\/sahinbey-belediyesinden-yesilvadiye-ust-gecit-1640182532033-768x512.jpg 768w, https:\/\/www.miroglumuhendislik.com.tr\/wp-content\/uploads\/2022\/10\/sahinbey-belediyesinden-yesilvadiye-ust-gecit-1640182532033-300x200.jpg 300w, https:\/\/www.miroglumuhendislik.com.tr\/wp-content\/uploads\/2022\/10\/sahinbey-belediyesinden-yesilvadiye-ust-gecit-1640182532033-1024x682.jpg 1024w, https:\/\/www.miroglumuhendislik.com.tr\/wp-content\/uploads\/2022\/10\/sahinbey-belediyesinden-yesilvadiye-ust-gecit-1640182532033-1536x1023.jpg 1536w, https:\/\/www.miroglumuhendislik.com.tr\/wp-content\/uploads\/2022\/10\/sahinbey-belediyesinden-yesilvadiye-ust-gecit-1640182532033.jpg 1600w\" sizes=\"(max-width: 768px) 100vw, 768px\" \/>\t\t\t\t\t\t\t\t\t\t\t\t\t<\/div>\n\t\t\t\t<\/div>\n\t\t\t\t\t<\/div>\n\t\t<\/div>\n\t\t\t\t\t<\/div>\n\t\t<\/section>\n\t\t\t\t<section class=\"elementor-section elementor-top-section elementor-element elementor-element-46ee9f5 elementor-section-boxed elementor-section-height-default elementor-section-height-default\" data-id=\"46ee9f5\" data-element_type=\"section\">\n\t\t\t\t\t\t<div class=\"elementor-container elementor-column-gap-default\">\n\t\t\t\t\t<div class=\"elementor-column elementor-col-100 elementor-top-column elementor-element elementor-element-c82a1a1\" data-id=\"c82a1a1\" data-element_type=\"column\">\n\t\t\t<div class=\"elementor-widget-wrap elementor-element-populated\">\n\t\t\t\t\t\t<div class=\"elementor-element elementor-element-ed5ce0f elementor-widget elementor-widget-image\" data-id=\"ed5ce0f\" data-element_type=\"widget\" data-widget_type=\"image.default\">\n\t\t\t\t<div class=\"elementor-widget-container\">\n\t\t\t\t\t\t\t\t\t\t\t\t\t<img decoding=\"async\" width=\"768\" height=\"431\" src=\"https:\/\/www.miroglumuhendislik.com.tr\/wp-content\/uploads\/2022\/10\/ust-gecit-4-768x431.jpg\" class=\"attachment-medium_large size-medium_large wp-image-534\" alt=\"\" srcset=\"https:\/\/www.miroglumuhendislik.com.tr\/wp-content\/uploads\/2022\/10\/ust-gecit-4-768x431.jpg 768w, https:\/\/www.miroglumuhendislik.com.tr\/wp-content\/uploads\/2022\/10\/ust-gecit-4-300x168.jpg 300w, https:\/\/www.miroglumuhendislik.com.tr\/wp-content\/uploads\/2022\/10\/ust-gecit-4.jpg 800w\" sizes=\"(max-width: 768px) 100vw, 768px\" \/>\t\t\t\t\t\t\t\t\t\t\t\t\t<\/div>\n\t\t\t\t<\/div>\n\t\t\t\t\t<\/div>\n\t\t<\/div>\n\t\t\t\t\t<\/div>\n\t\t<\/section>\n\t\t\t\t<section class=\"elementor-section elementor-top-section elementor-element elementor-element-a5c6825 elementor-section-boxed elementor-section-height-default elementor-section-height-default\" data-id=\"a5c6825\" data-element_type=\"section\">\n\t\t\t\t\t\t<div class=\"elementor-container elementor-column-gap-default\">\n\t\t\t\t\t<div class=\"elementor-column elementor-col-100 elementor-top-column elementor-element elementor-element-3c5dfed\" data-id=\"3c5dfed\" data-element_type=\"column\">\n\t\t\t<div class=\"elementor-widget-wrap elementor-element-populated\">\n\t\t\t\t\t\t<div class=\"elementor-element elementor-element-f64a390 elementor-widget elementor-widget-image\" data-id=\"f64a390\" data-element_type=\"widget\" data-widget_type=\"image.default\">\n\t\t\t\t<div class=\"elementor-widget-container\">\n\t\t\t\t\t\t\t\t\t\t\t\t\t<img loading=\"lazy\" decoding=\"async\" width=\"768\" height=\"391\" src=\"https:\/\/www.miroglumuhendislik.com.tr\/wp-content\/uploads\/2022\/10\/22222222-e1665084145464-768x391.png\" class=\"attachment-medium_large size-medium_large wp-image-535\" alt=\"\" srcset=\"https:\/\/www.miroglumuhendislik.com.tr\/wp-content\/uploads\/2022\/10\/22222222-e1665084145464-768x391.png 768w, https:\/\/www.miroglumuhendislik.com.tr\/wp-content\/uploads\/2022\/10\/22222222-e1665084145464-300x153.png 300w, https:\/\/www.miroglumuhendislik.com.tr\/wp-content\/uploads\/2022\/10\/22222222-e1665084145464-1024x521.png 1024w, https:\/\/www.miroglumuhendislik.com.tr\/wp-content\/uploads\/2022\/10\/22222222-e1665084145464.png 1106w\" sizes=\"(max-width: 768px) 100vw, 768px\" \/>\t\t\t\t\t\t\t\t\t\t\t\t\t<\/div>\n\t\t\t\t<\/div>\n\t\t\t\t\t<\/div>\n\t\t<\/div>\n\t\t\t\t\t<\/div>\n\t\t<\/section>\n\t\t\t\t<section class=\"elementor-section elementor-top-section elementor-element elementor-element-2c61eb8 elementor-section-boxed elementor-section-height-default elementor-section-height-default\" data-id=\"2c61eb8\" data-element_type=\"section\">\n\t\t\t\t\t\t<div class=\"elementor-container elementor-column-gap-default\">\n\t\t\t\t\t<div class=\"elementor-column elementor-col-100 elementor-top-column elementor-element elementor-element-b788f61\" data-id=\"b788f61\" data-element_type=\"column\">\n\t\t\t<div class=\"elementor-widget-wrap elementor-element-populated\">\n\t\t\t\t\t\t<div class=\"elementor-element elementor-element-9424a35 elementor-widget elementor-widget-image\" data-id=\"9424a35\" data-element_type=\"widget\" data-widget_type=\"image.default\">\n\t\t\t\t<div class=\"elementor-widget-container\">\n\t\t\t\t\t\t\t\t\t\t\t\t\t<img loading=\"lazy\" decoding=\"async\" width=\"768\" height=\"432\" src=\"https:\/\/www.miroglumuhendislik.com.tr\/wp-content\/uploads\/2022\/10\/45216-0-768x432.jpg\" class=\"attachment-medium_large size-medium_large wp-image-537\" alt=\"\" srcset=\"https:\/\/www.miroglumuhendislik.com.tr\/wp-content\/uploads\/2022\/10\/45216-0-768x432.jpg 768w, https:\/\/www.miroglumuhendislik.com.tr\/wp-content\/uploads\/2022\/10\/45216-0-300x169.jpg 300w, https:\/\/www.miroglumuhendislik.com.tr\/wp-content\/uploads\/2022\/10\/45216-0-1024x576.jpg 1024w, https:\/\/www.miroglumuhendislik.com.tr\/wp-content\/uploads\/2022\/10\/45216-0.jpg 1200w\" sizes=\"(max-width: 768px) 100vw, 768px\" \/>\t\t\t\t\t\t\t\t\t\t\t\t\t<\/div>\n\t\t\t\t<\/div>\n\t\t\t\t\t<\/div>\n\t\t<\/div>\n\t\t\t\t\t<\/div>\n\t\t<\/section>\n\t\t\t\t<\/div>\n\t\t","protected":false},"excerpt":{"rendered":"","protected":false},"author":1,"featured_media":0,"parent":0,"menu_order":0,"comment_status":"closed","ping_status":"closed","template":"","meta":{"footnotes":""},"_links":{"self":[{"href":"https:\/\/www.miroglumuhendislik.com.tr\/index.php\/wp-json\/wp\/v2\/pages\/523"}],"collection":[{"href":"https:\/\/www.miroglumuhendislik.com.tr\/index.php\/wp-json\/wp\/v2\/pages"}],"about":[{"href":"https:\/\/www.miroglumuhendislik.com.tr\/index.php\/wp-json\/wp\/v2\/types\/page"}],"author":[{"embeddable":true,"href":"https:\/\/www.miroglumuhendislik.com.tr\/index.php\/wp-json\/wp\/v2\/users\/1"}],"replies":[{"embeddable":true,"href":"https:\/\/www.miroglumuhendislik.com.tr\/index.php\/wp-json\/wp\/v2\/comments?post=523"}],"version-history":[{"count":4,"href":"https:\/\/www.miroglumuhendislik.com.tr\/index.php\/wp-json\/wp\/v2\/pages\/523\/revisions"}],"predecessor-version":[{"id":540,"href":"https:\/\/www.miroglumuhendislik.com.tr\/index.php\/wp-json\/wp\/v2\/pages\/523\/revisions\/540"}],"wp:attachment":[{"href":"https:\/\/www.miroglumuhendislik.com.tr\/index.php\/wp-json\/wp\/v2\/media?parent=523"}],"curies":[{"name":"wp","href":"https:\/\/api.w.org\/{rel}","templated":true}]}}