{"id":645,"date":"2022-10-09T17:04:55","date_gmt":"2022-10-09T17:04:55","guid":{"rendered":"https:\/\/www.miroglumuhendislik.com.tr\/?page_id=645"},"modified":"2022-10-09T17:07:32","modified_gmt":"2022-10-09T17:07:32","slug":"hatay","status":"publish","type":"page","link":"https:\/\/www.miroglumuhendislik.com.tr\/index.php\/hatay\/","title":{"rendered":"Hatay Valili\u011fi Reyhanl\u0131 S\u0131n\u0131r Kap\u0131s\u0131"},"content":{"rendered":"\t\t<div data-elementor-type=\"wp-page\" data-elementor-id=\"645\" class=\"elementor elementor-645\">\n\t\t\t\t\t\t<section class=\"elementor-section elementor-top-section elementor-element elementor-element-fdc28fc elementor-section-boxed elementor-section-height-default elementor-section-height-default\" data-id=\"fdc28fc\" data-element_type=\"section\">\n\t\t\t\t\t\t<div class=\"elementor-container elementor-column-gap-default\">\n\t\t\t\t\t<div class=\"elementor-column elementor-col-100 elementor-top-column elementor-element elementor-element-0408e7f\" data-id=\"0408e7f\" data-element_type=\"column\">\n\t\t\t<div class=\"elementor-widget-wrap elementor-element-populated\">\n\t\t\t\t\t\t<div class=\"elementor-element elementor-element-a28a8b4 elementor-widget elementor-widget-image\" data-id=\"a28a8b4\" data-element_type=\"widget\" data-widget_type=\"image.default\">\n\t\t\t\t<div class=\"elementor-widget-container\">\n\t\t\t<style>\/*! elementor - v3.19.0 - 28-02-2024 *\/\n.elementor-widget-image{text-align:center}.elementor-widget-image a{display:inline-block}.elementor-widget-image a img[src$=\".svg\"]{width:48px}.elementor-widget-image img{vertical-align:middle;display:inline-block}<\/style>\t\t\t\t\t\t\t\t\t\t<img fetchpriority=\"high\" decoding=\"async\" width=\"768\" height=\"432\" src=\"https:\/\/www.miroglumuhendislik.com.tr\/wp-content\/uploads\/2022\/10\/WhatsApp-Image-2022-10-09-at-17.19.59-768x432.jpeg\" class=\"attachment-medium_large size-medium_large wp-image-650\" alt=\"\" srcset=\"https:\/\/www.miroglumuhendislik.com.tr\/wp-content\/uploads\/2022\/10\/WhatsApp-Image-2022-10-09-at-17.19.59-768x432.jpeg 768w, https:\/\/www.miroglumuhendislik.com.tr\/wp-content\/uploads\/2022\/10\/WhatsApp-Image-2022-10-09-at-17.19.59-300x169.jpeg 300w, https:\/\/www.miroglumuhendislik.com.tr\/wp-content\/uploads\/2022\/10\/WhatsApp-Image-2022-10-09-at-17.19.59.jpeg 1024w\" sizes=\"(max-width: 768px) 100vw, 768px\" \/>\t\t\t\t\t\t\t\t\t\t\t\t\t<\/div>\n\t\t\t\t<\/div>\n\t\t\t\t\t<\/div>\n\t\t<\/div>\n\t\t\t\t\t<\/div>\n\t\t<\/section>\n\t\t\t\t<section class=\"elementor-section elementor-top-section elementor-element elementor-element-264e14a elementor-section-boxed elementor-section-height-default elementor-section-height-default\" data-id=\"264e14a\" data-element_type=\"section\">\n\t\t\t\t\t\t<div class=\"elementor-container elementor-column-gap-default\">\n\t\t\t\t\t<div class=\"elementor-column elementor-col-100 elementor-top-column elementor-element elementor-element-005dd37\" data-id=\"005dd37\" data-element_type=\"column\">\n\t\t\t<div class=\"elementor-widget-wrap elementor-element-populated\">\n\t\t\t\t\t\t<div class=\"elementor-element elementor-element-128d24a elementor-widget elementor-widget-image\" data-id=\"128d24a\" data-element_type=\"widget\" data-widget_type=\"image.default\">\n\t\t\t\t<div class=\"elementor-widget-container\">\n\t\t\t\t\t\t\t\t\t\t\t\t\t<img decoding=\"async\" width=\"768\" height=\"432\" src=\"https:\/\/www.miroglumuhendislik.com.tr\/wp-content\/uploads\/2022\/10\/WhatsApp-Image-2022-10-09-at-17.19.58-1-768x432.jpeg\" class=\"attachment-medium_large size-medium_large wp-image-651\" alt=\"\" srcset=\"https:\/\/www.miroglumuhendislik.com.tr\/wp-content\/uploads\/2022\/10\/WhatsApp-Image-2022-10-09-at-17.19.58-1-768x432.jpeg 768w, https:\/\/www.miroglumuhendislik.com.tr\/wp-content\/uploads\/2022\/10\/WhatsApp-Image-2022-10-09-at-17.19.58-1-300x169.jpeg 300w, https:\/\/www.miroglumuhendislik.com.tr\/wp-content\/uploads\/2022\/10\/WhatsApp-Image-2022-10-09-at-17.19.58-1.jpeg 1024w\" sizes=\"(max-width: 768px) 100vw, 768px\" \/>\t\t\t\t\t\t\t\t\t\t\t\t\t<\/div>\n\t\t\t\t<\/div>\n\t\t\t\t\t<\/div>\n\t\t<\/div>\n\t\t\t\t\t<\/div>\n\t\t<\/section>\n\t\t\t\t<section class=\"elementor-section elementor-top-section elementor-element elementor-element-c0b4811 elementor-section-boxed elementor-section-height-default elementor-section-height-default\" data-id=\"c0b4811\" data-element_type=\"section\">\n\t\t\t\t\t\t<div class=\"elementor-container elementor-column-gap-default\">\n\t\t\t\t\t<div class=\"elementor-column elementor-col-100 elementor-top-column elementor-element elementor-element-7165dbc\" data-id=\"7165dbc\" data-element_type=\"column\">\n\t\t\t<div class=\"elementor-widget-wrap elementor-element-populated\">\n\t\t\t\t\t\t<div class=\"elementor-element elementor-element-58abbc9 elementor-widget elementor-widget-image\" data-id=\"58abbc9\" data-element_type=\"widget\" data-widget_type=\"image.default\">\n\t\t\t\t<div class=\"elementor-widget-container\">\n\t\t\t\t\t\t\t\t\t\t\t\t\t<img decoding=\"async\" width=\"768\" height=\"1024\" src=\"https:\/\/www.miroglumuhendislik.com.tr\/wp-content\/uploads\/2022\/10\/WhatsApp-Image-2022-10-09-at-17.19.58.jpeg\" class=\"attachment-medium_large size-medium_large wp-image-652\" alt=\"\" srcset=\"https:\/\/www.miroglumuhendislik.com.tr\/wp-content\/uploads\/2022\/10\/WhatsApp-Image-2022-10-09-at-17.19.58.jpeg 768w, https:\/\/www.miroglumuhendislik.com.tr\/wp-content\/uploads\/2022\/10\/WhatsApp-Image-2022-10-09-at-17.19.58-225x300.jpeg 225w\" sizes=\"(max-width: 768px) 100vw, 768px\" \/>\t\t\t\t\t\t\t\t\t\t\t\t\t<\/div>\n\t\t\t\t<\/div>\n\t\t\t\t\t<\/div>\n\t\t<\/div>\n\t\t\t\t\t<\/div>\n\t\t<\/section>\n\t\t\t\t<\/div>\n\t\t","protected":false},"excerpt":{"rendered":"","protected":false},"author":1,"featured_media":0,"parent":0,"menu_order":0,"comment_status":"closed","ping_status":"closed","template":"","meta":{"footnotes":""},"_links":{"self":[{"href":"https:\/\/www.miroglumuhendislik.com.tr\/index.php\/wp-json\/wp\/v2\/pages\/645"}],"collection":[{"href":"https:\/\/www.miroglumuhendislik.com.tr\/index.php\/wp-json\/wp\/v2\/pages"}],"about":[{"href":"https:\/\/www.miroglumuhendislik.com.tr\/index.php\/wp-json\/wp\/v2\/types\/page"}],"author":[{"embeddable":true,"href":"https:\/\/www.miroglumuhendislik.com.tr\/index.php\/wp-json\/wp\/v2\/users\/1"}],"replies":[{"embeddable":true,"href":"https:\/\/www.miroglumuhendislik.com.tr\/index.php\/wp-json\/wp\/v2\/comments?post=645"}],"version-history":[{"count":4,"href":"https:\/\/www.miroglumuhendislik.com.tr\/index.php\/wp-json\/wp\/v2\/pages\/645\/revisions"}],"predecessor-version":[{"id":655,"href":"https:\/\/www.miroglumuhendislik.com.tr\/index.php\/wp-json\/wp\/v2\/pages\/645\/revisions\/655"}],"wp:attachment":[{"href":"https:\/\/www.miroglumuhendislik.com.tr\/index.php\/wp-json\/wp\/v2\/media?parent=645"}],"curies":[{"name":"wp","href":"https:\/\/api.w.org\/{rel}","templated":true}]}}