{"id":788,"date":"2022-11-03T20:59:47","date_gmt":"2022-11-03T20:59:47","guid":{"rendered":"https:\/\/www.miroglumuhendislik.com.tr\/?page_id=788"},"modified":"2022-11-03T21:30:44","modified_gmt":"2022-11-03T21:30:44","slug":"lise","status":"publish","type":"page","link":"https:\/\/www.miroglumuhendislik.com.tr\/index.php\/lise\/","title":{"rendered":"\u015eehit cuma Ak\u0131l Anadolu \u0130mamhatip Lisesi"},"content":{"rendered":"\t\t<div data-elementor-type=\"wp-page\" data-elementor-id=\"788\" class=\"elementor elementor-788\">\n\t\t\t\t\t\t<section class=\"elementor-section elementor-top-section elementor-element elementor-element-b6a7707 elementor-section-boxed elementor-section-height-default elementor-section-height-default\" data-id=\"b6a7707\" data-element_type=\"section\">\n\t\t\t\t\t\t<div class=\"elementor-container elementor-column-gap-default\">\n\t\t\t\t\t<div class=\"elementor-column elementor-col-100 elementor-top-column elementor-element elementor-element-8ccdefb\" data-id=\"8ccdefb\" data-element_type=\"column\">\n\t\t\t<div class=\"elementor-widget-wrap elementor-element-populated\">\n\t\t\t\t\t\t<div class=\"elementor-element elementor-element-8350ff6 elementor-widget elementor-widget-image\" data-id=\"8350ff6\" data-element_type=\"widget\" data-widget_type=\"image.default\">\n\t\t\t\t<div class=\"elementor-widget-container\">\n\t\t\t<style>\/*! elementor - v3.19.0 - 28-02-2024 *\/\n.elementor-widget-image{text-align:center}.elementor-widget-image a{display:inline-block}.elementor-widget-image a img[src$=\".svg\"]{width:48px}.elementor-widget-image img{vertical-align:middle;display:inline-block}<\/style>\t\t\t\t\t\t\t\t\t\t<img fetchpriority=\"high\" decoding=\"async\" width=\"768\" height=\"432\" src=\"https:\/\/www.miroglumuhendislik.com.tr\/wp-content\/uploads\/2022\/11\/image8-768x432.jpeg\" class=\"attachment-medium_large size-medium_large wp-image-847\" alt=\"\" srcset=\"https:\/\/www.miroglumuhendislik.com.tr\/wp-content\/uploads\/2022\/11\/image8-768x432.jpeg 768w, https:\/\/www.miroglumuhendislik.com.tr\/wp-content\/uploads\/2022\/11\/image8-300x169.jpeg 300w, https:\/\/www.miroglumuhendislik.com.tr\/wp-content\/uploads\/2022\/11\/image8.jpeg 1024w\" sizes=\"(max-width: 768px) 100vw, 768px\" \/>\t\t\t\t\t\t\t\t\t\t\t\t\t<\/div>\n\t\t\t\t<\/div>\n\t\t\t\t\t<\/div>\n\t\t<\/div>\n\t\t\t\t\t<\/div>\n\t\t<\/section>\n\t\t\t\t<section class=\"elementor-section elementor-top-section elementor-element elementor-element-e77427a elementor-section-boxed elementor-section-height-default elementor-section-height-default\" data-id=\"e77427a\" data-element_type=\"section\">\n\t\t\t\t\t\t<div class=\"elementor-container elementor-column-gap-default\">\n\t\t\t\t\t<div class=\"elementor-column elementor-col-100 elementor-top-column elementor-element elementor-element-aa5aa1a\" data-id=\"aa5aa1a\" data-element_type=\"column\">\n\t\t\t<div class=\"elementor-widget-wrap elementor-element-populated\">\n\t\t\t\t\t\t<div class=\"elementor-element elementor-element-6163aae elementor-widget elementor-widget-image\" data-id=\"6163aae\" data-element_type=\"widget\" data-widget_type=\"image.default\">\n\t\t\t\t<div class=\"elementor-widget-container\">\n\t\t\t\t\t\t\t\t\t\t\t\t\t<img decoding=\"async\" width=\"768\" height=\"432\" src=\"https:\/\/www.miroglumuhendislik.com.tr\/wp-content\/uploads\/2022\/11\/image9-768x432.jpeg\" class=\"attachment-medium_large size-medium_large wp-image-848\" alt=\"\" srcset=\"https:\/\/www.miroglumuhendislik.com.tr\/wp-content\/uploads\/2022\/11\/image9-768x432.jpeg 768w, https:\/\/www.miroglumuhendislik.com.tr\/wp-content\/uploads\/2022\/11\/image9-300x169.jpeg 300w, https:\/\/www.miroglumuhendislik.com.tr\/wp-content\/uploads\/2022\/11\/image9.jpeg 1024w\" sizes=\"(max-width: 768px) 100vw, 768px\" \/>\t\t\t\t\t\t\t\t\t\t\t\t\t<\/div>\n\t\t\t\t<\/div>\n\t\t\t\t\t<\/div>\n\t\t<\/div>\n\t\t\t\t\t<\/div>\n\t\t<\/section>\n\t\t\t\t<section class=\"elementor-section elementor-top-section elementor-element elementor-element-00afa25 elementor-section-boxed elementor-section-height-default elementor-section-height-default\" data-id=\"00afa25\" data-element_type=\"section\">\n\t\t\t\t\t\t<div class=\"elementor-container elementor-column-gap-default\">\n\t\t\t\t\t<div class=\"elementor-column elementor-col-100 elementor-top-column elementor-element elementor-element-d9905ba\" data-id=\"d9905ba\" data-element_type=\"column\">\n\t\t\t<div class=\"elementor-widget-wrap elementor-element-populated\">\n\t\t\t\t\t\t<div class=\"elementor-element elementor-element-ce40bee elementor-widget elementor-widget-image\" data-id=\"ce40bee\" data-element_type=\"widget\" data-widget_type=\"image.default\">\n\t\t\t\t<div class=\"elementor-widget-container\">\n\t\t\t\t\t\t\t\t\t\t\t\t\t<img decoding=\"async\" width=\"768\" height=\"432\" src=\"https:\/\/www.miroglumuhendislik.com.tr\/wp-content\/uploads\/2022\/11\/image7-768x432.jpeg\" class=\"attachment-medium_large size-medium_large wp-image-849\" alt=\"\" srcset=\"https:\/\/www.miroglumuhendislik.com.tr\/wp-content\/uploads\/2022\/11\/image7-768x432.jpeg 768w, https:\/\/www.miroglumuhendislik.com.tr\/wp-content\/uploads\/2022\/11\/image7-300x169.jpeg 300w, https:\/\/www.miroglumuhendislik.com.tr\/wp-content\/uploads\/2022\/11\/image7.jpeg 1024w\" sizes=\"(max-width: 768px) 100vw, 768px\" \/>\t\t\t\t\t\t\t\t\t\t\t\t\t<\/div>\n\t\t\t\t<\/div>\n\t\t\t\t\t<\/div>\n\t\t<\/div>\n\t\t\t\t\t<\/div>\n\t\t<\/section>\n\t\t\t\t<section class=\"elementor-section elementor-top-section elementor-element elementor-element-cc47815 elementor-section-boxed elementor-section-height-default elementor-section-height-default\" data-id=\"cc47815\" data-element_type=\"section\">\n\t\t\t\t\t\t<div class=\"elementor-container elementor-column-gap-default\">\n\t\t\t\t\t<div class=\"elementor-column elementor-col-100 elementor-top-column elementor-element elementor-element-e9310db\" data-id=\"e9310db\" data-element_type=\"column\">\n\t\t\t<div class=\"elementor-widget-wrap elementor-element-populated\">\n\t\t\t\t\t\t<div class=\"elementor-element elementor-element-bd0fdba elementor-widget elementor-widget-image\" data-id=\"bd0fdba\" data-element_type=\"widget\" data-widget_type=\"image.default\">\n\t\t\t\t<div class=\"elementor-widget-container\">\n\t\t\t\t\t\t\t\t\t\t\t\t\t<img loading=\"lazy\" decoding=\"async\" width=\"768\" height=\"432\" src=\"https:\/\/www.miroglumuhendislik.com.tr\/wp-content\/uploads\/2022\/11\/image6-768x432.jpeg\" class=\"attachment-medium_large size-medium_large wp-image-850\" alt=\"\" srcset=\"https:\/\/www.miroglumuhendislik.com.tr\/wp-content\/uploads\/2022\/11\/image6-768x432.jpeg 768w, https:\/\/www.miroglumuhendislik.com.tr\/wp-content\/uploads\/2022\/11\/image6-300x169.jpeg 300w, https:\/\/www.miroglumuhendislik.com.tr\/wp-content\/uploads\/2022\/11\/image6.jpeg 1024w\" sizes=\"(max-width: 768px) 100vw, 768px\" \/>\t\t\t\t\t\t\t\t\t\t\t\t\t<\/div>\n\t\t\t\t<\/div>\n\t\t\t\t\t<\/div>\n\t\t<\/div>\n\t\t\t\t\t<\/div>\n\t\t<\/section>\n\t\t\t\t<section class=\"elementor-section elementor-top-section elementor-element elementor-element-54ce97a elementor-section-boxed elementor-section-height-default elementor-section-height-default\" data-id=\"54ce97a\" data-element_type=\"section\">\n\t\t\t\t\t\t<div class=\"elementor-container elementor-column-gap-default\">\n\t\t\t\t\t<div class=\"elementor-column elementor-col-100 elementor-top-column elementor-element elementor-element-81f8d2f\" data-id=\"81f8d2f\" data-element_type=\"column\">\n\t\t\t<div class=\"elementor-widget-wrap elementor-element-populated\">\n\t\t\t\t\t\t<div class=\"elementor-element elementor-element-4121567 elementor-widget elementor-widget-image\" data-id=\"4121567\" data-element_type=\"widget\" data-widget_type=\"image.default\">\n\t\t\t\t<div class=\"elementor-widget-container\">\n\t\t\t\t\t\t\t\t\t\t\t\t\t<img loading=\"lazy\" decoding=\"async\" width=\"768\" height=\"432\" src=\"https:\/\/www.miroglumuhendislik.com.tr\/wp-content\/uploads\/2022\/11\/image3-768x432.jpeg\" class=\"attachment-medium_large size-medium_large wp-image-851\" alt=\"\" srcset=\"https:\/\/www.miroglumuhendislik.com.tr\/wp-content\/uploads\/2022\/11\/image3-768x432.jpeg 768w, https:\/\/www.miroglumuhendislik.com.tr\/wp-content\/uploads\/2022\/11\/image3-300x169.jpeg 300w, https:\/\/www.miroglumuhendislik.com.tr\/wp-content\/uploads\/2022\/11\/image3.jpeg 1024w\" sizes=\"(max-width: 768px) 100vw, 768px\" \/>\t\t\t\t\t\t\t\t\t\t\t\t\t<\/div>\n\t\t\t\t<\/div>\n\t\t\t\t\t<\/div>\n\t\t<\/div>\n\t\t\t\t\t<\/div>\n\t\t<\/section>\n\t\t\t\t<section class=\"elementor-section elementor-top-section elementor-element elementor-element-36537cc elementor-section-boxed elementor-section-height-default elementor-section-height-default\" data-id=\"36537cc\" data-element_type=\"section\">\n\t\t\t\t\t\t<div class=\"elementor-container elementor-column-gap-default\">\n\t\t\t\t\t<div class=\"elementor-column elementor-col-100 elementor-top-column elementor-element elementor-element-c7bdd87\" data-id=\"c7bdd87\" data-element_type=\"column\">\n\t\t\t<div class=\"elementor-widget-wrap elementor-element-populated\">\n\t\t\t\t\t\t<div class=\"elementor-element elementor-element-83d80e8 elementor-widget elementor-widget-image\" data-id=\"83d80e8\" data-element_type=\"widget\" data-widget_type=\"image.default\">\n\t\t\t\t<div class=\"elementor-widget-container\">\n\t\t\t\t\t\t\t\t\t\t\t\t\t<img loading=\"lazy\" decoding=\"async\" width=\"768\" height=\"1024\" src=\"https:\/\/www.miroglumuhendislik.com.tr\/wp-content\/uploads\/2022\/11\/image15-768x1024.jpeg\" class=\"attachment-medium_large size-medium_large wp-image-852\" alt=\"\" srcset=\"https:\/\/www.miroglumuhendislik.com.tr\/wp-content\/uploads\/2022\/11\/image15-768x1024.jpeg 768w, https:\/\/www.miroglumuhendislik.com.tr\/wp-content\/uploads\/2022\/11\/image15-225x300.jpeg 225w, https:\/\/www.miroglumuhendislik.com.tr\/wp-content\/uploads\/2022\/11\/image15-1152x1536.jpeg 1152w, https:\/\/www.miroglumuhendislik.com.tr\/wp-content\/uploads\/2022\/11\/image15.jpeg 1200w\" sizes=\"(max-width: 768px) 100vw, 768px\" \/>\t\t\t\t\t\t\t\t\t\t\t\t\t<\/div>\n\t\t\t\t<\/div>\n\t\t\t\t\t<\/div>\n\t\t<\/div>\n\t\t\t\t\t<\/div>\n\t\t<\/section>\n\t\t\t\t<section class=\"elementor-section elementor-top-section elementor-element elementor-element-fddbdef elementor-section-boxed elementor-section-height-default elementor-section-height-default\" data-id=\"fddbdef\" data-element_type=\"section\">\n\t\t\t\t\t\t<div class=\"elementor-container elementor-column-gap-default\">\n\t\t\t\t\t<div class=\"elementor-column elementor-col-100 elementor-top-column elementor-element elementor-element-912f404\" data-id=\"912f404\" data-element_type=\"column\">\n\t\t\t<div class=\"elementor-widget-wrap elementor-element-populated\">\n\t\t\t\t\t\t<div class=\"elementor-element elementor-element-9932902 elementor-widget elementor-widget-image\" data-id=\"9932902\" data-element_type=\"widget\" data-widget_type=\"image.default\">\n\t\t\t\t<div class=\"elementor-widget-container\">\n\t\t\t\t\t\t\t\t\t\t\t\t\t<img loading=\"lazy\" decoding=\"async\" width=\"768\" height=\"432\" src=\"https:\/\/www.miroglumuhendislik.com.tr\/wp-content\/uploads\/2022\/11\/image5-768x432.jpeg\" class=\"attachment-medium_large size-medium_large wp-image-853\" alt=\"\" srcset=\"https:\/\/www.miroglumuhendislik.com.tr\/wp-content\/uploads\/2022\/11\/image5-768x432.jpeg 768w, https:\/\/www.miroglumuhendislik.com.tr\/wp-content\/uploads\/2022\/11\/image5-300x169.jpeg 300w, https:\/\/www.miroglumuhendislik.com.tr\/wp-content\/uploads\/2022\/11\/image5.jpeg 1024w\" sizes=\"(max-width: 768px) 100vw, 768px\" \/>\t\t\t\t\t\t\t\t\t\t\t\t\t<\/div>\n\t\t\t\t<\/div>\n\t\t\t\t\t<\/div>\n\t\t<\/div>\n\t\t\t\t\t<\/div>\n\t\t<\/section>\n\t\t\t\t<\/div>\n\t\t","protected":false},"excerpt":{"rendered":"","protected":false},"author":1,"featured_media":0,"parent":0,"menu_order":0,"comment_status":"closed","ping_status":"closed","template":"","meta":{"footnotes":""},"_links":{"self":[{"href":"https:\/\/www.miroglumuhendislik.com.tr\/index.php\/wp-json\/wp\/v2\/pages\/788"}],"collection":[{"href":"https:\/\/www.miroglumuhendislik.com.tr\/index.php\/wp-json\/wp\/v2\/pages"}],"about":[{"href":"https:\/\/www.miroglumuhendislik.com.tr\/index.php\/wp-json\/wp\/v2\/types\/page"}],"author":[{"embeddable":true,"href":"https:\/\/www.miroglumuhendislik.com.tr\/index.php\/wp-json\/wp\/v2\/users\/1"}],"replies":[{"embeddable":true,"href":"https:\/\/www.miroglumuhendislik.com.tr\/index.php\/wp-json\/wp\/v2\/comments?post=788"}],"version-history":[{"count":4,"href":"https:\/\/www.miroglumuhendislik.com.tr\/index.php\/wp-json\/wp\/v2\/pages\/788\/revisions"}],"predecessor-version":[{"id":856,"href":"https:\/\/www.miroglumuhendislik.com.tr\/index.php\/wp-json\/wp\/v2\/pages\/788\/revisions\/856"}],"wp:attachment":[{"href":"https:\/\/www.miroglumuhendislik.com.tr\/index.php\/wp-json\/wp\/v2\/media?parent=788"}],"curies":[{"name":"wp","href":"https:\/\/api.w.org\/{rel}","templated":true}]}}