{"id":96,"date":"2022-09-21T16:24:48","date_gmt":"2022-09-21T16:24:48","guid":{"rendered":"https:\/\/www.miroglumuhendislik.com.tr\/?page_id=96"},"modified":"2024-03-06T21:09:07","modified_gmt":"2024-03-06T21:09:07","slug":"anasayfa","status":"publish","type":"page","link":"https:\/\/www.miroglumuhendislik.com.tr\/","title":{"rendered":"Anasayfa"},"content":{"rendered":"\t\t<div data-elementor-type=\"wp-page\" data-elementor-id=\"96\" class=\"elementor elementor-96\">\n\t\t\t\t\t\t<section class=\"elementor-section elementor-top-section elementor-element elementor-element-5b09336 elementor-section-full_width elementor-section-height-default elementor-section-height-default\" data-id=\"5b09336\" data-element_type=\"section\">\n\t\t\t\t\t\t<div class=\"elementor-container elementor-column-gap-default\">\n\t\t\t\t\t<div class=\"elementor-column elementor-col-100 elementor-top-column elementor-element elementor-element-56892e9\" data-id=\"56892e9\" data-element_type=\"column\">\n\t\t\t<div class=\"elementor-widget-wrap elementor-element-populated\">\n\t\t\t\t\t\t<div class=\"elementor-element elementor-element-c1287dd elementor-widget elementor-widget-sina_content_slider\" data-id=\"c1287dd\" data-element_type=\"widget\" data-widget_type=\"sina_content_slider.default\">\n\t\t\t\t<div class=\"elementor-widget-container\">\n\t\t\t\t\t<div class=\"sina-content-slider owl-carousel\"\r\n\t\tdata-item-lg=\"1\"\r\n\t\tdata-item-md=\"1\"\r\n\t\tdata-item-sm=\"1\"\r\n\t\tdata-autoplay=\"yes\"\r\n\t\tdata-pause=\"yes\"\r\n\t\tdata-center=\"\"\r\n\t\tdata-slide-anim=\"none\"\r\n\t\tdata-slide-anim-out=\"none\"\r\n\t\tdata-nav=\"yes\"\r\n\t\tdata-dots=\"\"\r\n\t\tdata-mouse-drag=\"yes\"\r\n\t\tdata-touch-drag=\"yes\"\r\n\t\tdata-loop=\"yes\"\r\n\t\tdata-speed=\"500\"\r\n\t\tdata-delay=\"5000\">\r\n\r\n\t\t\t\t\t\t\t<div class=\"sina-cs-item elementor-repeater-item-9d60cf6\">\r\n\t\t\t\t\t\t\t\t\t\t\t\r\n\t\t\t\t\t\t\r\n\t\t\t\t\t\t\t\t\t\t\t\t\t\t\t<\/div>\r\n\t\t\t\t\t\t\t<div class=\"sina-cs-item elementor-repeater-item-1a013c9\">\r\n\t\t\t\t\t\t\t\t\t<\/div>\r\n\t\t\t\t\t\t\t<div class=\"sina-cs-item elementor-repeater-item-a6873bb\">\r\n\t\t\t\t\t\t\t\t\t\t\t\r\n\t\t\t\t\t\t\r\n\t\t\t\t\t\t\t\t\t\t\t\t\t\t\t<\/div>\r\n\t\t\t\t\t\t\t<div class=\"sina-cs-item elementor-repeater-item-6d7a2c1\">\r\n\t\t\t\t\t\t\t\t\t\t\t\r\n\t\t\t\t\t\t\r\n\t\t\t\t\t\t\t\t\t\t\t\t\t\t\t<\/div>\r\n\t\t\t\t\t\t\t<div class=\"sina-cs-item elementor-repeater-item-fee1c92\">\r\n\t\t\t\t\t\t\t\t\t\t\t\r\n\t\t\t\t\t\t\r\n\t\t\t\t\t\t\t\t\t\t\t\t\t\t\t<\/div>\r\n\t\t\t\r\n\t\t<\/div><!-- .sina-content-slider -->\r\n\t\t\t\t<\/div>\n\t\t\t\t<\/div>\n\t\t\t\t\t<\/div>\n\t\t<\/div>\n\t\t\t\t\t<\/div>\n\t\t<\/section>\n\t\t\t\t<section class=\"elementor-section elementor-top-section elementor-element elementor-element-eceb78e elementor-section-boxed elementor-section-height-default elementor-section-height-default\" data-id=\"eceb78e\" data-element_type=\"section\">\n\t\t\t\t\t\t<div class=\"elementor-container elementor-column-gap-default\">\n\t\t\t\t\t<div class=\"elementor-column elementor-col-100 elementor-top-column elementor-element elementor-element-0c3abe1\" data-id=\"0c3abe1\" data-element_type=\"column\">\n\t\t\t<div class=\"elementor-widget-wrap elementor-element-populated\">\n\t\t\t\t\t\t<div class=\"elementor-element elementor-element-ce2bdf5 elementor-widget elementor-widget-heading\" data-id=\"ce2bdf5\" data-element_type=\"widget\" data-widget_type=\"heading.default\">\n\t\t\t\t<div class=\"elementor-widget-container\">\n\t\t\t<style>\/*! elementor - v3.19.0 - 28-02-2024 *\/\n.elementor-heading-title{padding:0;margin:0;line-height:1}.elementor-widget-heading .elementor-heading-title[class*=elementor-size-]>a{color:inherit;font-size:inherit;line-height:inherit}.elementor-widget-heading .elementor-heading-title.elementor-size-small{font-size:15px}.elementor-widget-heading .elementor-heading-title.elementor-size-medium{font-size:19px}.elementor-widget-heading .elementor-heading-title.elementor-size-large{font-size:29px}.elementor-widget-heading .elementor-heading-title.elementor-size-xl{font-size:39px}.elementor-widget-heading .elementor-heading-title.elementor-size-xxl{font-size:59px}<\/style><h2 class=\"elementor-heading-title elementor-size-default\">Miro\u011flu M\u00fchendislik\n<\/h2>\t\t<\/div>\n\t\t\t\t<\/div>\n\t\t\t\t\t<\/div>\n\t\t<\/div>\n\t\t\t\t\t<\/div>\n\t\t<\/section>\n\t\t\t\t<section class=\"elementor-section elementor-top-section elementor-element elementor-element-7fa6581 elementor-section-boxed elementor-section-height-default elementor-section-height-default\" data-id=\"7fa6581\" data-element_type=\"section\">\n\t\t\t\t\t\t<div class=\"elementor-container elementor-column-gap-default\">\n\t\t\t\t\t<div class=\"elementor-column elementor-col-100 elementor-top-column elementor-element elementor-element-7daec61\" data-id=\"7daec61\" data-element_type=\"column\">\n\t\t\t<div class=\"elementor-widget-wrap elementor-element-populated\">\n\t\t\t\t\t\t<div class=\"elementor-element elementor-element-e879e73 elementor-widget elementor-widget-heading\" data-id=\"e879e73\" data-element_type=\"widget\" data-widget_type=\"heading.default\">\n\t\t\t\t<div class=\"elementor-widget-container\">\n\t\t\t<h2 class=\"elementor-heading-title elementor-size-medium\">Gaziantep K\u00fcsget Sanayi b\u00f6lgesinde bulunan at\u00f6lyemiz kurulu\u015fundan bu yana T\u00fcrkiye'nin d\u00f6rt bir yan\u0131na i\u015fimizi iyi yap\u0131p, durmadan kendimizi s\u00fcrekli  geli\u015ftirerek, \u00fcst\u00fcne koyarak ve verdi\u011fimiz s\u00f6zleri tek tek yerine getirerek her ge\u00e7en g\u00fcn b\u00fcy\u00fcyerek i\u015fini yapan in\u015faat firmas\u0131 olarak devam etmekteyiz. <br>Faaliyetlerimize uluslararas\u0131 standartlarda m\u00fc\u015fteri memnuniyeti temelli, kurumsal sosyal sorumluluk anlay\u0131\u015f\u0131 ile y\u00f6n veriyoruz.<br><\/h2>\t\t<\/div>\n\t\t\t\t<\/div>\n\t\t\t\t\t<\/div>\n\t\t<\/div>\n\t\t\t\t\t<\/div>\n\t\t<\/section>\n\t\t\t\t<section class=\"elementor-section elementor-top-section elementor-element elementor-element-5ff812a elementor-section-boxed elementor-section-height-default elementor-section-height-default\" data-id=\"5ff812a\" data-element_type=\"section\">\n\t\t\t\t\t\t\t<div class=\"elementor-background-overlay\"><\/div>\n\t\t\t\t\t\t\t<div class=\"elementor-container elementor-column-gap-default\">\n\t\t\t\t\t<div class=\"elementor-column elementor-col-100 elementor-top-column elementor-element elementor-element-51c0929\" data-id=\"51c0929\" data-element_type=\"column\">\n\t\t\t<div class=\"elementor-widget-wrap elementor-element-populated\">\n\t\t\t\t\t\t<div class=\"elementor-element elementor-element-515fc69 elementor-widget elementor-widget-heading\" data-id=\"515fc69\" data-element_type=\"widget\" data-widget_type=\"heading.default\">\n\t\t\t\t<div class=\"elementor-widget-container\">\n\t\t\t<h2 class=\"elementor-heading-title elementor-size-default\">Neden \u00c7elik Konstr\u00fcksiyon<\/h2>\t\t<\/div>\n\t\t\t\t<\/div>\n\t\t\t\t\t<\/div>\n\t\t<\/div>\n\t\t\t\t\t<\/div>\n\t\t<\/section>\n\t\t\t\t<section class=\"elementor-section elementor-top-section elementor-element elementor-element-db04653 elementor-section-boxed elementor-section-height-default elementor-section-height-default\" data-id=\"db04653\" data-element_type=\"section\">\n\t\t\t\t\t\t<div class=\"elementor-container elementor-column-gap-default\">\n\t\t\t\t\t<div class=\"elementor-column elementor-col-100 elementor-top-column elementor-element elementor-element-e26d44d\" data-id=\"e26d44d\" data-element_type=\"column\">\n\t\t\t<div class=\"elementor-widget-wrap elementor-element-populated\">\n\t\t\t\t\t\t<div class=\"elementor-element elementor-element-b9a07fb elementor-widget__width-initial elementor-widget elementor-widget-text-editor\" data-id=\"b9a07fb\" data-element_type=\"widget\" data-widget_type=\"text-editor.default\">\n\t\t\t\t<div class=\"elementor-widget-container\">\n\t\t\t<style>\/*! elementor - v3.19.0 - 28-02-2024 *\/\n.elementor-widget-text-editor.elementor-drop-cap-view-stacked .elementor-drop-cap{background-color:#69727d;color:#fff}.elementor-widget-text-editor.elementor-drop-cap-view-framed .elementor-drop-cap{color:#69727d;border:3px solid;background-color:transparent}.elementor-widget-text-editor:not(.elementor-drop-cap-view-default) .elementor-drop-cap{margin-top:8px}.elementor-widget-text-editor:not(.elementor-drop-cap-view-default) .elementor-drop-cap-letter{width:1em;height:1em}.elementor-widget-text-editor .elementor-drop-cap{float:left;text-align:center;line-height:1;font-size:50px}.elementor-widget-text-editor .elementor-drop-cap-letter{display:inline-block}<\/style>\t\t\t\t<p><em><strong>\u00c7elik konstr\u00fcksiyon yap\u0131n\u0131n y\u00fck oran\u0131 fazla olmad\u0131\u011f\u0131ndan zeminin y\u00fck\u00fcn\u00fc azalt\u0131r bu da deprem gibi etkilere kar\u015f\u0131 direnci artt\u0131r\u0131r daha da dayan\u0131kl\u0131l\u0131k sa\u011flar. Genellikle spor tesislerinde , fabrika binalar\u0131nda , \u00e7elik sanayi yap\u0131lar\u0131nda , u\u00e7ak hangarlar\u0131nda , at\u00f6lyelerde , hangarlarda ve depolarda kullan\u0131lan t\u00fcm ta\u015f\u0131y\u0131c\u0131 sistemlerinin \u00e7elikten \u00fcretildi\u011fi \u00f6zellikle deprem tehlikesi bulunan b\u00f6lgelerde kurulan geni\u015f a\u00e7\u0131kl\u0131k ve y\u00fcksekli\u011fe sahip \u00fcr\u00fcnlerdir. \u00a0<\/strong><\/em><\/p><p><em><strong>Neden \u00e7elik kontr\u00fcksiyon<\/strong><\/em><\/p><p><em><strong> 1-) G\u00fcvenlidir Esnek yap\u0131s\u0131 sayesinde deprem s\u0131ras\u0131nda sallan\u0131r fakat y\u0131k\u0131lmaz , ayr\u0131ca bu yap\u0131lar\u0131n duvarlar\u0131da \u00e7elikten \u00fcretildi\u011fi i\u00e7in yaln\u0131zca kolon ve kiri\u015flere y\u00fck bindirilmeyip y\u0131k\u0131lma riski azalt\u0131lm\u0131\u015f olur . Depreme kar\u015f\u0131 g\u00fcvenli yap\u0131 olmas\u0131n\u0131n yan\u0131 s\u0131ra y\u0131ld\u0131r\u0131m \u00e7arpma riski minimumdur. Bunun temel nedeni bu yap\u0131lar\u0131n topraklanm\u0131\u015f olmas\u0131d\u0131r.<\/strong><\/em><\/p><p><em><strong> 2-) Dayan\u0131kl\u0131 ve Sa\u011flamd\u0131r \u00c7elik sa\u011flaml\u0131\u011f\u0131 , direnci ve dayan\u0131kl\u0131l\u0131\u011f\u0131 ile beton ve tahta yap\u0131lara g\u00f6re daha avantajl\u0131d\u0131r. Bu nedenle deprem b\u00f6lgelerinde \u00e7elik veya prefabrik yap\u0131lar\u0131n tercih edilmesi \u00e7ok \u00f6nemli bir husustur. Ayr\u0131ca bu yap\u0131lar saf metalden yap\u0131ld\u0131\u011f\u0131 i\u00e7in dayan\u0131kl\u0131 g\u00f6r\u00fcnmektedir. \u00c7elik yap\u0131lar\u0131n a\u015f\u0131nmas\u0131 veya \u00e7atlamas\u0131 gibi durumlarla kar\u015f\u0131la\u015fmas\u0131 pek olas\u0131 de\u011fildir. \u00d6te yandan, beton yap\u0131lar zamanla \u00e7atlayabilir. Ayr\u0131ca yap\u0131sal \u00e7elik yap\u0131lar kendinden yal\u0131tkan olduklar\u0131 i\u00e7in herhangi bir bak\u0131m gerektirmezler. \u00a0Uzama , esneme ve y\u00fck alt\u0131nda \u015fekil de\u011fi\u015ftirip y\u00fckleme kalk\u0131nca eski mukavemetini s\u00fcrd\u00fcrebiliyor.<\/strong><\/em><\/p><p><em><strong> 3-) Ekonomiktir Betonarme yap\u0131lara k\u0131yasla daha ekonomiktir.Uzun vadede daha karl\u0131 bir yap\u0131d\u0131r.<\/strong><\/em><\/p><p><em><strong> 4-) Hafiftir Hafiflikleri sayesinde depreme kar\u015f\u0131 b\u00fcy\u00fck avantajlar sunabilen bu yap\u0131lar, imalat ve montajda da kolayl\u0131k sa\u011flamaktad\u0131r. Ek olarak, kendilerinden \u00e7ok daha a\u011f\u0131r y\u00fcklere dayanma yetenekleriyle ay\u0131rt edilirler. <\/strong><\/em><\/p><p><em><strong>5-) Kolay Ta\u015f\u0131n\u0131labilir Fabrikada \u00fcretilen par\u00e7alar sahada direk montajlanabilir oldu\u011fundan daha sonra ba\u015fka yere ta\u015f\u0131nabilme durumuna uygundur. <\/strong><\/em><\/p><p><em><strong>\u00a0 \u00c7elik Konstr\u00fcksiyon Yap\u0131lar\u0131n \u00d6mr\u00fc Ne Kadard\u0131r ? \u00c7elik konstr\u00fcksiyon yap\u0131lar\u0131n \u00a0\u00f6mr\u00fc saf metalden \u00fcretildikleri i\u00e7in di\u011fer beton yap\u0131lara oranla olduk\u00e7a uzundur . \u00d6rne\u011fin \u00e7elik yap\u0131lar beton yap\u0131lar gibi zamanla korozyona u\u011framaz ve y\u0131pranma , \u00e7atlama gibi durumlar g\u00f6zlenemez . Ayr\u0131ca beton yap\u0131larda tesisat montaj\u0131 bir kere yap\u0131l\u0131r ve art\u0131k de\u011fi\u015ftirilmesi m\u00fcmk\u00fcn de\u011fildir. \u00a0Oysa ki\u00a0 \u00e7elik konstr\u00fcksiyon yap\u0131larda istenildi\u011fi an tesisat yap\u0131lar\u0131 yenilenebilmektedir .Ayr\u0131ca beton yap\u0131larda telefon kablolar\u0131 , duvar i\u00e7lerinden ge\u00e7en elektrik tesisatlar\u0131 , elektronik donan\u0131mlar vb. de\u011fi\u015ftirilmesi ve yenilenmesi \u00e7pk zorken \u00e7elik konstr\u00fcksiyon yap\u0131larda bu de\u011fi\u015fimler ve yenilemeler \u00e7ok rahat yap\u0131labilmektedir. Ayr\u0131yeten daha sonra b\u00fcy\u00fct\u00fclmek istenilince kolayl\u0131kla eklemeler ile yap\u0131 b\u00fcy\u00fct\u00fclebilir.<\/strong><\/em><\/p>\t\t\t\t\t\t<\/div>\n\t\t\t\t<\/div>\n\t\t\t\t\t<\/div>\n\t\t<\/div>\n\t\t\t\t\t<\/div>\n\t\t<\/section>\n\t\t\t\t<\/div>\n\t\t","protected":false},"excerpt":{"rendered":"<p>Miro\u011flu M\u00fchendislik Gaziantep K\u00fcsget Sanayi b\u00f6lgesinde bulunan at\u00f6lyemiz kurulu\u015fundan bu yana T\u00fcrkiye&#8217;nin d\u00f6rt bir yan\u0131na i\u015fimizi iyi yap\u0131p, durmadan kendimizi s\u00fcrekli geli\u015ftirerek, \u00fcst\u00fcne koyarak ve verdi\u011fimiz s\u00f6zleri tek tek yerine getirerek her ge\u00e7en g\u00fcn b\u00fcy\u00fcyerek i\u015fini yapan in\u015faat firmas\u0131 olarak devam etmekteyiz. Faaliyetlerimize uluslararas\u0131 standartlarda m\u00fc\u015fteri memnuniyeti temelli, kurumsal sosyal sorumluluk anlay\u0131\u015f\u0131 ile y\u00f6n veriyoruz. [&hellip;]<\/p>\n","protected":false},"author":1,"featured_media":0,"parent":0,"menu_order":0,"comment_status":"closed","ping_status":"closed","template":"elementor_header_footer","meta":{"footnotes":""},"_links":{"self":[{"href":"https:\/\/www.miroglumuhendislik.com.tr\/index.php\/wp-json\/wp\/v2\/pages\/96"}],"collection":[{"href":"https:\/\/www.miroglumuhendislik.com.tr\/index.php\/wp-json\/wp\/v2\/pages"}],"about":[{"href":"https:\/\/www.miroglumuhendislik.com.tr\/index.php\/wp-json\/wp\/v2\/types\/page"}],"author":[{"embeddable":true,"href":"https:\/\/www.miroglumuhendislik.com.tr\/index.php\/wp-json\/wp\/v2\/users\/1"}],"replies":[{"embeddable":true,"href":"https:\/\/www.miroglumuhendislik.com.tr\/index.php\/wp-json\/wp\/v2\/comments?post=96"}],"version-history":[{"count":76,"href":"https:\/\/www.miroglumuhendislik.com.tr\/index.php\/wp-json\/wp\/v2\/pages\/96\/revisions"}],"predecessor-version":[{"id":1301,"href":"https:\/\/www.miroglumuhendislik.com.tr\/index.php\/wp-json\/wp\/v2\/pages\/96\/revisions\/1301"}],"wp:attachment":[{"href":"https:\/\/www.miroglumuhendislik.com.tr\/index.php\/wp-json\/wp\/v2\/media?parent=96"}],"curies":[{"name":"wp","href":"https:\/\/api.w.org\/{rel}","templated":true}]}}